{"id":7,"date":"2020-08-30T02:15:08","date_gmt":"2020-08-30T02:15:08","guid":{"rendered":"http:\/\/www.fenatsllayllay.cl\/?page_id=7"},"modified":"2020-08-31T01:31:38","modified_gmt":"2020-08-31T01:31:38","slug":"quienes-somos","status":"publish","type":"page","link":"https:\/\/www.fenatsllayllay.cl\/","title":{"rendered":"Quienes Somos"},"content":{"rendered":"\n<div class=\"wp-block-image\"><figure class=\"aligncenter size-large\"><img loading=\"lazy\" width=\"300\" height=\"300\" src=\"http:\/\/www.fenatsllayllay.cl\/wp-content\/uploads\/2020\/08\/logo.png\" alt=\"\" class=\"wp-image-60\" srcset=\"https:\/\/www.fenatsllayllay.cl\/wp-content\/uploads\/2020\/08\/logo.png 300w, https:\/\/www.fenatsllayllay.cl\/wp-content\/uploads\/2020\/08\/logo-150x150.png 150w, https:\/\/www.fenatsllayllay.cl\/wp-content\/uploads\/2020\/08\/logo-250x250.png 250w\" sizes=\"(max-width: 300px) 100vw, 300px\" \/><\/figure><\/div>\n\n\n\n<p class=\"has-text-align-left\">Nuestra organizaci\u00f3n nace el 03 de Julio de 1996 como la Asociaci\u00f3n de funcionarios Fenats Hospital Llay Llay, irrumpiendo como un espacio destinado a dar respuestas a las demandas de las funcionarias y funcionarios del establecimiento, que requer\u00edan representaci\u00f3n para la reivindicaci\u00f3n de sus derechos (laborales, econ\u00f3micos y sociales).<\/p>\n\n\n\n<p class=\"has-text-align-left\">Este proyecto gremial sin distinci\u00f3n estamentaria, est\u00e1 orientado a reconocer el compromiso y rol social de los funcionarios de la salud y su contribuci\u00f3n hist\u00f3rica al mejoramiento continuo de la salud p\u00fablica, tanto del Servicio de Salud Aconcagua, como el desarrollado a nivel pa\u00eds.<\/p>\n\n\n\n<p class=\"has-text-align-left\">Fenats Llay Llay, en la actualidad cuenta con socios en el Hospital San Francisco y en el Centro de Salud Familiar Llay Llay, los que con su firme convicci\u00f3n que esta asociaci\u00f3n llegar\u00e1 a ser una de las m\u00e1s importantes y representativas, seguir\u00e1 en su lucha por la igualdad y la legitimaci\u00f3n de nuestros derechos, sin compromisos pol\u00edticos de ninguna \u00edndole ni protecci\u00f3n al gobierno de turno.<\/p>\n","protected":false},"excerpt":{"rendered":"<p>Nuestra organizaci\u00f3n nace el 03 de Julio de 1996 como la Asociaci\u00f3n de funcionarios Fenats Hospital Llay Llay, irrumpiendo como un espacio destinado a dar respuestas a las demandas de las funcionarias y funcionarios del establecimiento, que requer\u00edan representaci\u00f3n para la reivindicaci\u00f3n de sus derechos (laborales, econ\u00f3micos y sociales). Este proyecto gremial sin distinci\u00f3n estamentaria, [&hellip;]<\/p>\n","protected":false},"author":1,"featured_media":0,"parent":0,"menu_order":0,"comment_status":"closed","ping_status":"closed","template":"","meta":[],"_links":{"self":[{"href":"https:\/\/www.fenatsllayllay.cl\/index.php?rest_route=\/wp\/v2\/pages\/7"}],"collection":[{"href":"https:\/\/www.fenatsllayllay.cl\/index.php?rest_route=\/wp\/v2\/pages"}],"about":[{"href":"https:\/\/www.fenatsllayllay.cl\/index.php?rest_route=\/wp\/v2\/types\/page"}],"author":[{"embeddable":true,"href":"https:\/\/www.fenatsllayllay.cl\/index.php?rest_route=\/wp\/v2\/users\/1"}],"replies":[{"embeddable":true,"href":"https:\/\/www.fenatsllayllay.cl\/index.php?rest_route=%2Fwp%2Fv2%2Fcomments&post=7"}],"version-history":[{"count":8,"href":"https:\/\/www.fenatsllayllay.cl\/index.php?rest_route=\/wp\/v2\/pages\/7\/revisions"}],"predecessor-version":[{"id":80,"href":"https:\/\/www.fenatsllayllay.cl\/index.php?rest_route=\/wp\/v2\/pages\/7\/revisions\/80"}],"wp:attachment":[{"href":"https:\/\/www.fenatsllayllay.cl\/index.php?rest_route=%2Fwp%2Fv2%2Fmedia&parent=7"}],"curies":[{"name":"wp","href":"https:\/\/api.w.org\/{rel}","templated":true}]}}